{"id":1324,"date":"2022-02-24T05:03:32","date_gmt":"2022-02-24T05:03:32","guid":{"rendered":"http:\/\/www.tlwsolutions.fr\/index.php\/about\/"},"modified":"2023-02-22T21:07:57","modified_gmt":"2023-02-22T20:07:57","slug":"about","status":"publish","type":"page","link":"https:\/\/www.tlwsolutions.fr\/index.php\/about\/","title":{"rendered":"About"},"content":{"rendered":"\n<div class=\"wp-block-uagb-container uagb-block-a8d538a3 alignfull uagb-is-root-container\"><div class=\"uagb-container-inner-blocks-wrap\">\n<div class=\"wp-block-uagb-advanced-heading uagb-block-8e412bfd\"><h1 class=\"uagb-heading-text\">A propos de moi<\/h1><\/div>\n<\/div><\/div>\n\n\n\n<div class=\"wp-block-uagb-container uagb-block-3de19758 alignfull uagb-is-root-container\"><div class=\"uagb-container-inner-blocks-wrap\">\n<div class=\"wp-block-uagb-advanced-heading uagb-block-6b5f2d8e\"><h2 class=\"uagb-heading-text\">Passionn\u00e9e par la finance (et oui les chiffres !!), l&rsquo;informatique et l&rsquo;immobilier, j&rsquo;ai d\u00e9but\u00e9 mon activit\u00e9 en aout 2022. J&rsquo;accompagne avec plaisir des entreprises pour optimiser leur organisation, d\u00e9velopper leurs activit\u00e9s et se digitaliser.<br>J&rsquo;ai la volont\u00e9 de travailler en \u00e9quipe sur des probl\u00e9matiques, les transformer en opportunit\u00e9, apporter des solutions concr\u00e8tes et les mettre en \u0153uvre.<br><br>Pour en savoir plus.. <br><\/h2><\/div>\n\n\n\n<div class=\"wp-block-uagb-buttons uagb-buttons__outer-wrap uagb-btn__default-btn uagb-btn-tablet__default-btn uagb-btn-mobile__default-btn uagb-block-f2eacf47\"><div class=\"uagb-buttons__wrap uagb-buttons-layout-wrap\">\n<div class=\"wp-block-uagb-buttons-child uagb-buttons__outer-wrap uagb-block-428f975a wp-block-button is-style-outline\"><div class=\"uagb-button__wrapper\"><a class=\"uagb-buttons-repeater wp-block-button__link has-background has-text-color\" href=\"https:\/\/www.tlwsolutions.fr\/index.php\/page-d-exemple\/\" onclick=\"return true;\" rel=\"follow noopener\" target=\"_self\"><div class=\"uagb-button__link\">Click Here<\/div><\/a><\/div><\/div>\n<\/div><\/div>\n\n\n\n<div class=\"wp-block-uagb-image aligncenter uagb-block-42a8ebe0 wp-block-uagb-image--layout-default wp-block-uagb-image--effect-static wp-block-uagb-image--align-center\"><figure class=\"wp-block-uagb-image__figure\"><img decoding=\"async\" srcset=\"https:\/\/websitedemos.net\/love-nature-08\/wp-content\/uploads\/sites\/1037\/2021\/11\/contact-hero-1024x525.jpg , http:\/\/www.tlwsolutions.fr\/wp-content\/uploads\/2021\/11\/contact-hero.jpg 360w\" src=\"https:\/\/websitedemos.net\/love-nature-08\/wp-content\/uploads\/sites\/1037\/2021\/11\/contact-hero-1024x525.jpg\" alt=\"\" class=\"uag-image-432\" width=\"1151\" height=\"589\" title=\"\" loading=\"lazy\"\/><\/figure><\/div>\n\n\n\n<div class=\"wp-block-uagb-container uagb-block-80d096c5\">\n<div class=\"wp-block-uagb-container uagb-block-75ba246b\">\n<div class=\"wp-block-uagb-info-box uagb-block-476627cd uagb-infobox__content-wrap  uagb-infobox-icon-above-title uagb-infobox-image-valign-top\"><div class=\"uagb-ifb-content\"><div class=\"uagb-ifb-title-wrap\"><h3 class=\"uagb-ifb-title\">Mes missions<\/h3><\/div><p class=\"uagb-ifb-desc\">Accompagnement au changement <br>Direction de projet <br>Conseil <\/p><\/div><\/div>\n<\/div>\n\n\n\n<div class=\"wp-block-uagb-container uagb-block-16eb14fb\">\n<div class=\"wp-block-uagb-info-box uagb-block-1e9d30b4 uagb-infobox__content-wrap  uagb-infobox-icon-above-title uagb-infobox-image-valign-top\"><div class=\"uagb-ifb-content\"><div class=\"uagb-ifb-title-wrap\"><h3 class=\"uagb-ifb-title\">Mes valeurs<\/h3><\/div><p class=\"uagb-ifb-desc\">Loyaut\u00e9<br>Responsabilit\u00e9<br>Efficacit\u00e9<\/p><\/div><\/div>\n<\/div>\n<\/div>\n<\/div><\/div>\n\n\n\n<div class=\"wp-block-uagb-container uagb-block-cb8f3c74 alignfull uagb-is-root-container\"><div class=\"uagb-container-inner-blocks-wrap\">\n<div class=\"wp-block-uagb-testimonial uagb-slick-carousel uagb-tm__arrow-outside uagb-block-0a729a06 uagb-post__carousel_notset uagb-post__carousel_notset-tablet uagb-post__carousel_notset-mobile\"><div class=\"is-carousel uagb-tm__columns-1 uagb-tm__items\"><div class=\"uagb-testimonial__wrap  uagb-tm__imgicon-style-circle uagb-tm__image-position-bottom uagb-tm__bg-type-none \"><div class=\"uagb-tm__content\"><div class=\"uagb-tm__overlay\"><\/div><div class=\"uagb-tm__text-wrap\"><div class=\"uagb-tm__desc\">\u201cYou can&rsquo;t manage what you don&rsquo;t measure\u201d <\/div><div class=\"uagb-tm__meta-inner\"><div class=\"uagb-tm__image-content\"><div class=\"uagb-tm__image\"><img decoding=\"async\" class=\"uagb-tm-img-src\" src=\"https:\/\/www.tlwsolutions.fr\/wp-content\/uploads\/2022\/10\/peter-drucker-150x150.jpg\" alt=\"\" width=\"60\" height=\"60\" loading=\"lazy\"\/><\/div><\/div><div class=\"uagb-testimonial-details\"><span class=\"uagb-tm__author-name\">Peter Drucker<\/span><span class=\"uagb-tm__company\"><\/span><\/div><\/div><\/div><\/div><\/div><\/div><\/div>\n<\/div><\/div>\n","protected":false},"excerpt":{"rendered":"","protected":false},"author":1,"featured_media":0,"parent":0,"menu_order":0,"comment_status":"closed","ping_status":"closed","template":"","meta":{"_uag_custom_page_level_css":"","site-sidebar-layout":"no-sidebar","site-content-layout":"page-builder","ast-global-header-display":"","ast-main-header-display":"","ast-hfb-above-header-display":"","ast-hfb-below-header-display":"","ast-hfb-mobile-header-display":"","site-post-title":"disabled","ast-breadcrumbs-content":"","ast-featured-img":"disabled","footer-sml-layout":"","theme-transparent-header-meta":"enabled","adv-header-id-meta":"","stick-header-meta":"","header-above-stick-meta":"","header-main-stick-meta":"","header-below-stick-meta":"","footnotes":""},"class_list":["post-1324","page","type-page","status-publish","hentry"],"uagb_featured_image_src":{"full":false,"thumbnail":false,"medium":false,"medium_large":false,"large":false,"1536x1536":false,"2048x2048":false},"uagb_author_info":{"display_name":"admin1674","author_link":"https:\/\/www.tlwsolutions.fr\/index.php\/author\/admin1674\/"},"uagb_comment_info":0,"uagb_excerpt":null,"_links":{"self":[{"href":"https:\/\/www.tlwsolutions.fr\/index.php\/wp-json\/wp\/v2\/pages\/1324","targetHints":{"allow":["GET"]}}],"collection":[{"href":"https:\/\/www.tlwsolutions.fr\/index.php\/wp-json\/wp\/v2\/pages"}],"about":[{"href":"https:\/\/www.tlwsolutions.fr\/index.php\/wp-json\/wp\/v2\/types\/page"}],"author":[{"embeddable":true,"href":"https:\/\/www.tlwsolutions.fr\/index.php\/wp-json\/wp\/v2\/users\/1"}],"replies":[{"embeddable":true,"href":"https:\/\/www.tlwsolutions.fr\/index.php\/wp-json\/wp\/v2\/comments?post=1324"}],"version-history":[{"count":11,"href":"https:\/\/www.tlwsolutions.fr\/index.php\/wp-json\/wp\/v2\/pages\/1324\/revisions"}],"predecessor-version":[{"id":1910,"href":"https:\/\/www.tlwsolutions.fr\/index.php\/wp-json\/wp\/v2\/pages\/1324\/revisions\/1910"}],"wp:attachment":[{"href":"https:\/\/www.tlwsolutions.fr\/index.php\/wp-json\/wp\/v2\/media?parent=1324"}],"curies":[{"name":"wp","href":"https:\/\/api.w.org\/{rel}","templated":true}]}}