{"id":1322,"date":"2022-02-24T05:02:56","date_gmt":"2022-02-24T05:02:56","guid":{"rendered":"http:\/\/www.tlwsolutions.fr\/index.php\/home\/"},"modified":"2023-02-23T16:24:09","modified_gmt":"2023-02-23T15:24:09","slug":"home","status":"publish","type":"page","link":"https:\/\/www.tlwsolutions.fr\/","title":{"rendered":"Home"},"content":{"rendered":"\n<div class=\"wp-block-uagb-container uagb-block-fed3e2a6 alignfull uagb-is-root-container\"><div class=\"uagb-container-inner-blocks-wrap\">\n<div class=\"wp-block-uagb-info-box uagb-block-20e06234 uagb-infobox__content-wrap  uagb-infobox-icon-above-title uagb-infobox-image-valign-top\"><div class=\"uagb-ifb-content\"><div class=\"uagb-ifb-icon-wrap\"><svg xmlns=\"https:\/\/www.w3.org\/2000\/svg\" viewBox=\"0 0 512 512\"><path d=\"M0 256C0 114.6 114.6 0 256 0C397.4 0 512 114.6 512 256C512 397.4 397.4 512 256 512C114.6 512 0 397.4 0 256zM371.8 211.8C382.7 200.9 382.7 183.1 371.8 172.2C360.9 161.3 343.1 161.3 332.2 172.2L224 280.4L179.8 236.2C168.9 225.3 151.1 225.3 140.2 236.2C129.3 247.1 129.3 264.9 140.2 275.8L204.2 339.8C215.1 350.7 232.9 350.7 243.8 339.8L371.8 211.8z\"><\/path><\/svg><\/div><div class=\"uagb-ifb-title-wrap\"><h1 class=\"uagb-ifb-title\"> <\/h1><\/div><p class=\"uagb-ifb-desc\">C&rsquo;est le moment de travailler ensemble !<\/p><div class=\"uagb-ifb-button-wrapper wp-block-button\"><a href=\"https:\/\/www.tlwsolutions.fr\/index.php\/contact\/\" class=\"uagb-infobox-cta-link wp-block-button__link\" target=\"_blank\" rel=\"noopener noreferrer\" alt=\"\"><span class=\"uagb-inline-editing\">C&rsquo;est par ici !<\/span><\/a><\/div><\/div><\/div>\n<\/div><\/div>\n\n\n\n<div class=\"wp-block-uagb-container uagb-block-353e79ed alignfull uagb-is-root-container\"><div class=\"uagb-container-inner-blocks-wrap\">\n<div class=\"wp-block-uagb-advanced-heading uagb-block-91a14f50\"><h2 class=\"uagb-heading-text\">Mes services<\/h2><div class=\"uagb-separator\"><\/div><\/div>\n\n\n\n<div class=\"wp-block-uagb-container uagb-block-036ed988\">\n<div class=\"wp-block-uagb-container uagb-block-4311448e\">\n<div class=\"wp-block-uagb-info-box uagb-block-9f3e3425 uagb-infobox__content-wrap  uagb-infobox-icon-above-title uagb-infobox-image-valign-top\"><div class=\"uagb-ifb-content\"><div class=\"uagb-ifb-image-content\"><img decoding=\"async\" src=\"https:\/\/www.tlwsolutions.fr\/wp-content\/uploads\/2022\/11\/mark-g21256474a_1920.jpg\" alt=\"\" width=\"1920\" height=\"1355\" loading=\"lazy\"\/><\/div><div class=\"uagb-ifb-title-wrap\"><h3 class=\"uagb-ifb-title\">Organisation<\/h3><\/div><p class=\"uagb-ifb-desc\">D\u00e9finition d&rsquo;une nouvelle organisation, d&rsquo;une d\u00e9marche d&rsquo;am\u00e9lioration continue et documentation de vos processus : je vous aide \u00e0 tirer le meilleur des approches BPM et Lean<\/p><\/div><\/div>\n<\/div>\n\n\n\n<div class=\"wp-block-uagb-container uagb-block-894f99e7\">\n<div class=\"wp-block-uagb-info-box uagb-block-89838139 uagb-infobox__content-wrap  uagb-infobox-icon-above-title uagb-infobox-image-valign-top\"><div class=\"uagb-ifb-content\"><div class=\"uagb-ifb-image-content\"><img decoding=\"async\" src=\"https:\/\/www.tlwsolutions.fr\/wp-content\/uploads\/2022\/11\/project-g185689656_1920.jpg\" alt=\"\" width=\"1920\" height=\"1379\" loading=\"lazy\"\/><\/div><div class=\"uagb-ifb-title-wrap\"><h3 class=\"uagb-ifb-title\">Projets <\/h3><\/div><p class=\"uagb-ifb-desc\">Audit, \u00e9tude de cadrage, pilotage de projets informatiques : je vous accompagne dans toutes les phases de votre projet pour d\u00e9velopper votre activit\u00e9<\/p><\/div><\/div>\n<\/div>\n\n\n\n<div class=\"wp-block-uagb-container uagb-block-ff7541ce\">\n<div class=\"wp-block-uagb-info-box uagb-block-54dcd732 uagb-infobox__content-wrap  uagb-infobox-icon-above-title uagb-infobox-image-valign-top\"><div class=\"uagb-ifb-content\"><div class=\"uagb-ifb-image-content\"><img decoding=\"async\" src=\"https:\/\/www.tlwsolutions.fr\/wp-content\/uploads\/2022\/11\/stock-exchange-g8bfe64091_1920.jpg\" alt=\"\" width=\"\" height=\"0\" loading=\"lazy\"\/><\/div><div class=\"uagb-ifb-title-wrap\"><h3 class=\"uagb-ifb-title\">Finance<\/h3><\/div><p class=\"uagb-ifb-desc\">Activit\u00e9s bancaires, de financement (mobilier ou immobilier), comptabilit\u00e9, je vous accompagne pour analyser les chiffres et en tirer des analyses objectives et pr\u00e9dictives<\/p><\/div><\/div>\n<\/div>\n<\/div>\n<\/div><\/div>\n\n\n\n<div class=\"wp-block-uagb-container uagb-block-17b0d967 alignfull uagb-is-root-container\"><div class=\"uagb-container-inner-blocks-wrap\">\n<div class=\"wp-block-uagb-testimonial uagb-slick-carousel uagb-tm__arrow-outside uagb-block-25f127ad uagb-post__carousel_notset uagb-post__carousel_notset-tablet uagb-post__carousel_notset-mobile\"><div class=\"is-carousel uagb-tm__columns-1 uagb-tm__items\"><div class=\"uagb-testimonial__wrap  uagb-tm__imgicon-style-circle uagb-tm__image-position-top uagb-tm__bg-type-none \"><div class=\"uagb-tm__content\"><div class=\"uagb-tm__overlay\"><\/div><div class=\"uagb-tm__image-content\"><div class=\"uagb-tm__image\"><img decoding=\"async\" class=\"uagb-tm-img-src\" src=\"https:\/\/www.tlwsolutions.fr\/wp-content\/uploads\/2022\/10\/ok1-2-300x263.jpg\" alt=\"\" width=\"142\" height=\"124\" loading=\"lazy\"\/><\/div><\/div><div class=\"uagb-tm__text-wrap\"><div class=\"uagb-tm__desc\">\u201cChaque fois que vous voyez une entreprise qui r\u00e9ussit, dites-vous que c\u2019est parce qu\u2019un jour, quelqu\u2019un a pris une d\u00e9cision courageuse.\u201d (<em>Peter Drucker<\/em>)<\/div><div class=\"uagb-tm__meta-inner\"><div class=\"uagb-testimonial-details\"><span class=\"uagb-tm__author-name\">Edwige Royer<\/span><span class=\"uagb-tm__company\">TLW Solutions<\/span><\/div><\/div><\/div><\/div><\/div><\/div><\/div>\n<\/div><\/div>\n\n\n\n<div class=\"wp-block-uagb-container uagb-block-14bb56a6 alignfull uagb-is-root-container\"><div class=\"uagb-container-inner-blocks-wrap\">\n<div class=\"wp-block-uagb-container uagb-block-85830430\">\n<div class=\"wp-block-uagb-info-box uagb-block-ee6eb054 uagb-infobox__content-wrap  uagb-infobox-icon-above-title uagb-infobox-image-valign-top\"><div class=\"uagb-ifb-content\"><div class=\"uagb-ifb-title-wrap\"><span class=\"uagb-ifb-title-prefix\">A propos<\/span><h3 class=\"uagb-ifb-title\">Autonome, optimiste et volontaire, je vous aide \u00e0 analyser les probl\u00e8mes que vous rencontrez afin de vous proposer des solutions adapt\u00e9es et vous aider \u00e0 les mettre en place<\/h3><\/div><p class=\"uagb-ifb-desc\">Si vous visitez mon site, c&rsquo;est que vous \u00eates \u00e0 la recherche de quelqu&rsquo;un pour vous aider dans votre entreprise. N&rsquo;h\u00e9sitez pas, contactez moi !<\/p><div class=\"uagb-ifb-button-wrapper wp-block-button\"><a href=\"https:\/\/www.tlwsolutions.fr\/index.php\/contact\/\" class=\"uagb-infobox-cta-link wp-block-button__link\" target=\"_blank\" rel=\"noopener noreferrer\" alt=\"\"><span class=\"uagb-inline-editing\">C&rsquo;est par l\u00e0 !<\/span><\/a><\/div><\/div><\/div>\n<\/div>\n\n\n\n<div class=\"wp-block-uagb-container uagb-block-b12345dd\">\n<div class=\"wp-block-uagb-image uagb-block-3e4c4ca6 wp-block-uagb-image--layout-default wp-block-uagb-image--effect-static wp-block-uagb-image--align-none\"><figure class=\"wp-block-uagb-image__figure\"><img decoding=\"async\" srcset=\"https:\/\/www.tlwsolutions.fr\/wp-content\/uploads\/2022\/10\/Logo-Edwige-180x60-1-150x78.png \" src=\"https:\/\/www.tlwsolutions.fr\/wp-content\/uploads\/2022\/10\/Logo-Edwige-180x60-1-150x78.png\" alt=\"\" class=\"uag-image-5\" width=\"231\" height=\"78\" title=\"\" loading=\"lazy\"\/><figcaption class=\"uagb-image-caption\">TLW Solutions<\/figcaption><\/figure><\/div>\n<\/div>\n<\/div><\/div>\n\n\n\n<div class=\"wp-block-uagb-container uagb-block-e9ded447 alignfull uagb-is-root-container\"><div class=\"uagb-container-inner-blocks-wrap\">\n<div class=\"wp-block-uagb-info-box uagb-block-176602ce uagb-infobox__content-wrap  uagb-infobox-icon-above-title uagb-infobox-image-valign-top\"><div class=\"uagb-ifb-content\"><div class=\"uagb-ifb-title-wrap\"><h1 class=\"uagb-ifb-title\">QUESTIONS?<\/h1><\/div><p class=\"uagb-ifb-desc\">Whether you\u2019re curious about our services,<br> we\u2019re here to answer any questions.<\/p><div class=\"uagb-ifb-button-wrapper wp-block-button\"><a href=\"https:\/\/www.tlwsolutions.fr\/index.php\/contact\/\" class=\"uagb-infobox-cta-link wp-block-button__link\" target=\"_blank\" rel=\"noopener noreferrer\" alt=\"\"><span class=\"uagb-inline-editing\">Go!<\/span><\/a><\/div><\/div><\/div>\n<\/div><\/div>\n","protected":false},"excerpt":{"rendered":"","protected":false},"author":1,"featured_media":0,"parent":0,"menu_order":0,"comment_status":"closed","ping_status":"closed","template":"","meta":{"_uag_custom_page_level_css":"","site-sidebar-layout":"no-sidebar","site-content-layout":"page-builder","ast-global-header-display":"","ast-main-header-display":"","ast-hfb-above-header-display":"","ast-hfb-below-header-display":"","ast-hfb-mobile-header-display":"","site-post-title":"disabled","ast-breadcrumbs-content":"","ast-featured-img":"disabled","footer-sml-layout":"","theme-transparent-header-meta":"enabled","adv-header-id-meta":"","stick-header-meta":"","header-above-stick-meta":"","header-main-stick-meta":"","header-below-stick-meta":"","footnotes":""},"class_list":["post-1322","page","type-page","status-publish","hentry"],"uagb_featured_image_src":{"full":false,"thumbnail":false,"medium":false,"medium_large":false,"large":false,"1536x1536":false,"2048x2048":false},"uagb_author_info":{"display_name":"admin1674","author_link":"https:\/\/www.tlwsolutions.fr\/index.php\/author\/admin1674\/"},"uagb_comment_info":0,"uagb_excerpt":null,"_links":{"self":[{"href":"https:\/\/www.tlwsolutions.fr\/index.php\/wp-json\/wp\/v2\/pages\/1322","targetHints":{"allow":["GET"]}}],"collection":[{"href":"https:\/\/www.tlwsolutions.fr\/index.php\/wp-json\/wp\/v2\/pages"}],"about":[{"href":"https:\/\/www.tlwsolutions.fr\/index.php\/wp-json\/wp\/v2\/types\/page"}],"author":[{"embeddable":true,"href":"https:\/\/www.tlwsolutions.fr\/index.php\/wp-json\/wp\/v2\/users\/1"}],"replies":[{"embeddable":true,"href":"https:\/\/www.tlwsolutions.fr\/index.php\/wp-json\/wp\/v2\/comments?post=1322"}],"version-history":[{"count":28,"href":"https:\/\/www.tlwsolutions.fr\/index.php\/wp-json\/wp\/v2\/pages\/1322\/revisions"}],"predecessor-version":[{"id":1925,"href":"https:\/\/www.tlwsolutions.fr\/index.php\/wp-json\/wp\/v2\/pages\/1322\/revisions\/1925"}],"wp:attachment":[{"href":"https:\/\/www.tlwsolutions.fr\/index.php\/wp-json\/wp\/v2\/media?parent=1322"}],"curies":[{"name":"wp","href":"https:\/\/api.w.org\/{rel}","templated":true}]}}